{"id":412,"date":"2021-01-01T00:01:00","date_gmt":"2020-12-31T23:01:00","guid":{"rendered":"http:\/\/www.visitflaeming.com\/?page_id=412"},"modified":"2021-09-04T21:47:33","modified_gmt":"2021-09-04T19:47:33","slug":"visitflaeming-podcast","status":"publish","type":"page","link":"https:\/\/www.visitflaeming.com\/?page_id=412","title":{"rendered":"visitFl\u00e4ming Podcast"},"content":{"rendered":"\n<p class=\"has-text-align-center\"><strong>Lust auf mehr Fl\u00e4ming!<\/strong><\/p>\n\n\n\n<h2 class=\"has-text-align-center\">Dein Podcast f\u00fcr die Reise &amp; Erlebnisregion Fl\u00e4ming<\/h2>\n\n\n\n<div class=\"wp-block-image\"><figure class=\"aligncenter is-resized\"><img loading=\"lazy\" src=\"http:\/\/www.visitflaeming.com\/wp-content\/uploads\/2020\/12\/Podcast_Cover-1024x1024.jpg\" alt=\"\" class=\"wp-image-415\" width=\"176\" height=\"176\" srcset=\"https:\/\/www.visitflaeming.com\/wp-content\/uploads\/2020\/12\/Podcast_Cover-1024x1024.jpg 1024w, https:\/\/www.visitflaeming.com\/wp-content\/uploads\/2020\/12\/Podcast_Cover-150x150.jpg 150w, https:\/\/www.visitflaeming.com\/wp-content\/uploads\/2020\/12\/Podcast_Cover-300x300.jpg 300w, https:\/\/www.visitflaeming.com\/wp-content\/uploads\/2020\/12\/Podcast_Cover-768x768.jpg 768w, https:\/\/www.visitflaeming.com\/wp-content\/uploads\/2020\/12\/Podcast_Cover.jpg 1500w\" sizes=\"(max-width: 176px) 100vw, 176px\" \/><\/figure><\/div>\n\n\n\n<p class=\"has-text-align-center\"><a href=\"https:\/\/www.visitflaeming.com\/?p=820\">#028 Innovation im Fl\u00e4ming &#8211; Wiesenburg\/Mark<\/a><\/p>\n\n\n\n<p class=\"has-text-align-center\"><a href=\"https:\/\/www.visitflaeming.com\/?p=805\">#027 Nordic-Walking auf der Fl\u00e4mingWalk<\/a><\/p>\n\n\n\n<p class=\"has-text-align-center\"><a href=\"https:\/\/www.visitflaeming.com\/?p=791\">#26 GO-Kart-SPASS im Fl\u00e4ming!<\/a><\/p>\n\n\n\n<p class=\"has-text-align-center\"><a href=\"https:\/\/www.visitflaeming.com\/?p=779\">#25 Der Riese vom Keilberg<\/a><\/p>\n\n\n\n<p class=\"has-text-align-center\"><a href=\"https:\/\/www.visitflaeming.com\/?p=768\">#24 Borkheide ein Flugplatz und seine Geschichte<\/a><\/p>\n\n\n\n<p class=\"has-text-align-center\"><a href=\"https:\/\/www.visitflaeming.com\/?p=755\">#023 Die Kirche in Locktow und ihre Geschichte<\/a><\/p>\n\n\n\n<p class=\"has-text-align-center\"><a href=\"https:\/\/www.visitflaeming.com\/?p=738\">#022&nbsp; J\u00fcterbog, Hauptstadt des Niederen Fl\u00e4ming<\/a><\/p>\n\n\n\n<p class=\"has-text-align-center\"><a href=\"https:\/\/www.visitflaeming.com\/?p=723\">#21 Heimat der Gro\u00dftrappen &#8211; Belziger Landschaftswiesen<\/a><\/p>\n\n\n\n<p class=\"has-text-align-center\"><a href=\"https:\/\/www.visitflaeming.com\/?p=713\">#020&nbsp; CoCoNat ein Ort nicht nur f\u00fcr konzentrierte Arbeit auf dem Land<\/a><\/p>\n\n\n\n<p class=\"has-text-align-center\"><a href=\"https:\/\/www.visitflaeming.com\/?p=700\">#019 Maerker Brandenburg<\/a><\/p>\n\n\n\n<p class=\"has-text-align-center\"><a href=\"https:\/\/www.visitflaeming.com\/?p=689\">#018 Sabinchenstadt Treuenbrietzen<\/a><\/p>\n\n\n\n<p class=\"has-text-align-center\"><a href=\"https:\/\/www.visitflaeming.com\/?p=651\">#017 Offene H\u00f6fe im Fl\u00e4ming<\/a><\/p>\n\n\n\n<p class=\"has-text-align-center\"><a href=\"https:\/\/www.visitflaeming.com\/?p=619\">#016 Dahme\/Mark Kleinstadt-Idylle im Fl\u00e4ming<\/a><\/p>\n\n\n\n<p class=\"has-text-align-center\"><a href=\"https:\/\/www.visitflaeming.com\/?p=607\" data-type=\"internal\">#015 Spargelsaison im Fl\u00e4ming<\/a><\/p>\n\n\n\n<p class=\"has-text-align-center\"><a href=\"http:\/\/www.visitflaeming.com\/?p=597\">#014&nbsp; Der Teufelswald &#8211; Naturschutzgebiet Zarth<\/a><\/p>\n\n\n\n<p class=\"has-text-align-center\"><a href=\"http:\/\/www.visitflaeming.com\/?p=578\">#013&nbsp; Beelitz-Heilst\u00e4tten &#8211; Das gr\u00f6\u00dfte Fl\u00e4chendenkmal Brandenburgs<\/a><\/p>\n\n\n\n<p class=\"has-text-align-center\"><a href=\"http:\/\/www.visitflaeming.com\/?p=567\">#12 Kreisstadt mit historischem Altstadtkern &#8211; Bad Belzig<\/a><\/p>\n\n\n\n<p class=\"has-text-align-center\"><a href=\"http:\/\/www.visitflaeming.com\/?p=524\" data-type=\"internal\">#011 Nicht in Afrika &#8211; Wilde Tiere im Fl\u00e4ming<\/a><\/p>\n\n\n\n<p class=\"has-text-align-center\"><a href=\"http:\/\/www.visitflaeming.com\/?p=508\">#010 Wohlf\u00fchloasen, Entspannung f\u00fcr K\u00f6rper und Geist im Fl\u00e4ming<\/a><\/p>\n\n\n\n<p class=\"has-text-align-center\"><a href=\"http:\/\/www.visitflaeming.com\/?p=494\">#009 Der Hohe Fl\u00e4ming im Fl\u00e4ming<\/a><\/p>\n\n\n\n<p class=\"has-text-align-center\"><a href=\"http:\/\/www.visitflaeming.com\/?p=485\">#008 Mit der Draisine durch den Fl\u00e4ming<\/a><\/p>\n\n\n\n<p class=\"has-text-align-center\"><a href=\"http:\/\/www.visitflaeming.com\/?p=471\">#007 Eldorado f\u00fcr Freizeitsportler &#8211; Die Fl\u00e4ming-Skate<\/a><\/p>\n\n\n\n<p class=\"has-text-align-center\"><a href=\"http:\/\/www.visitflaeming.com\/?p=463\">#006 Hier hebst Du ab im Fl\u00e4ming &#8211; visitFl\u00e4ming Podcast!<\/a><\/p>\n\n\n\n<p class=\"has-text-align-center\"><a href=\"http:\/\/www.visitflaeming.com\/?p=458\">#005 Wundersch\u00f6ne Schl\u00f6sser im Fl\u00e4ming &#8211; visitFl\u00e4ming Podcast!<\/a><br><\/p>\n\n\n\n<p class=\"has-text-align-center\"><a href=\"http:\/\/www.visitflaeming.com\/?p=452\">#004 Pr\u00e4chtige Burgen im Fl\u00e4ming &#8211; visitFl\u00e4ming Podcast!<\/a><\/p>\n\n\n\n<p class=\"has-text-align-center\"><a href=\"http:\/\/www.visitflaeming.com\/?p=446\">#003 Kultur und Geschichte im Fl\u00e4ming &#8211; visitFl\u00e4ming Podcast!<\/a><\/p>\n\n\n\n<p class=\"has-text-align-center\"><a href=\"http:\/\/www.visitflaeming.com\/?p=441\"> #002 Das kannst Du im Fl\u00e4ming erleben! &#8211; visitFl\u00e4ming Podcast<\/a>!<br><\/p>\n\n\n\n<p class=\"has-text-align-center\"><a href=\"http:\/\/www.visitflaeming.com\/?p=435\">#001 Der Fl\u00e4ming &#8211; Wo und Was ist der Fl\u00e4ming??? &#8211; visitFl\u00e4ming Podcast!<\/a><\/p>\n\n\n\n<p class=\"has-text-align-center\"><a href=\"http:\/\/www.visitflaeming.com\/?p=429\">#000 Intro &#8211; visitFl\u00e4ming Podcast &#8211; Auftakt Was erwartet Dich in diesem Podcast!<\/a><br><\/p>\n\n\n\n<p><strong><em>visitFl\u00e4ming Podcast<\/em><\/strong>, Dein Podcast f\u00fcr die Reise &amp; Erlebnisregion Fl\u00e4ming! Getreu unserem Motto:<\/p>\n\n\n\n<p class=\"has-text-align-center\"><strong><span class=\"has-inline-color has-vivid-green-cyan-color\">Lust auf mehr Fl\u00e4ming!<\/span><\/strong><\/p>\n\n\n\n<p>stellen wir im Podcast und auf <strong><em><a href=\"https:\/\/bit.ly\/visitflaemingTV\" target=\"_blank\" rel=\"noreferrer noopener\">visitFl\u00e4ming TV<\/a><\/em><\/strong> Attraktionen, Sehensw\u00fcrdigkeiten, regionale Produkte und Freizeitaktivit\u00e4ten vor, die es im S\u00fcdwest von Berlin zu entdecken gibt. <\/p>\n\n\n\n<p>Wir sind  p\u00fcnktlich zu Jahresbeginn 2021, am 01.01. mit dem <strong><em>visitFl\u00e4ming Podcast<\/em><\/strong> gestartet .<\/p>\n\n\n\n<p>Zu jeder Podcast Episode gibt es einen Blogartikel, wo Du die Inhalte noch einmal nachlesen kannst. Auch sind dort Links zu den Anbieter-Internetseiten hinterlegt, sodass Du bei Interesse f\u00fcr ein hier vorgestelltes Thema weitere Informationen findest.     <\/p>\n\n\n\n<p>F\u00fcr Anregungen, W\u00fcnsche, konstruktive Beschwerden und Kritiken sind wir dankbar und freuen uns auf Deine Nachricht. Diese kannst Du an uns per Email senden: <\/p>\n\n\n\n<p class=\"has-text-align-center\"><strong><a rel=\"noreferrer noopener\" href=\"mailto:info@visitflaeming.com\" target=\"_blank\">info@visitflaeming.com<\/a><\/strong><\/p>\n\n\n\n<p class=\"has-text-align-center\">oder auf <a rel=\"noreferrer noopener\" href=\"https:\/\/bit.ly\/visitflaemingTV\" target=\"_blank\"><strong><em>YouTube<\/em><\/strong><\/a>, <strong><em><a rel=\"noreferrer noopener\" href=\"http:\/\/bit.ly\/visitFlaeming_Facebook\" target=\"_blank\">Facebook<\/a><\/em><\/strong> oder <strong><em><a rel=\"noreferrer noopener\" href=\"http:\/\/bit.ly\/visitFlaeming_Insta\" target=\"_blank\">Instagram<\/a><\/em><\/strong> kommentieren. <\/p>\n\n\n\n<p><\/p>\n\n\n\n<p><\/p>\n\n\n\n<p><\/p>\n\n\n\n<p class=\"has-text-align-center has-small-font-size\">Copyright\u00a9 visitFl\u00e4ming. Alle Rechte reserviert.<\/p>\n\n\n\n<p class=\"has-text-align-center\" style=\"font-size:12px\"><span class=\"has-inline-color has-cyan-bluish-gray-color\"><sub><sup>This site is not part of the Facebook TM website or Facebook TM Inc. Additionally, this site is NOT endorsed by Facebook TM in any way. FACEBOOK TM is a trademark of FACEBOOK TM, Inc. <\/sup><\/sub><\/span><\/p>\n","protected":false},"excerpt":{"rendered":"<p>Lust auf mehr Fl\u00e4ming! Dein Podcast f\u00fcr die Reise &amp; Erlebnisregion Fl\u00e4ming #028 Innovation im Fl\u00e4ming &#8211; Wiesenburg\/Mark #027 Nordic-Walking auf der Fl\u00e4mingWalk #26 GO-Kart-SPASS im Fl\u00e4ming! #25 Der Riese vom Keilberg #24 Borkheide ein Flugplatz und seine Geschichte #023 Die Kirche in Locktow und ihre Geschichte #022&nbsp; J\u00fcterbog, Hauptstadt<\/p>\n","protected":false},"author":1,"featured_media":0,"parent":0,"menu_order":0,"comment_status":"closed","ping_status":"closed","template":"template-centered.php","meta":[],"_links":{"self":[{"href":"https:\/\/www.visitflaeming.com\/index.php?rest_route=\/wp\/v2\/pages\/412"}],"collection":[{"href":"https:\/\/www.visitflaeming.com\/index.php?rest_route=\/wp\/v2\/pages"}],"about":[{"href":"https:\/\/www.visitflaeming.com\/index.php?rest_route=\/wp\/v2\/types\/page"}],"author":[{"embeddable":true,"href":"https:\/\/www.visitflaeming.com\/index.php?rest_route=\/wp\/v2\/users\/1"}],"replies":[{"embeddable":true,"href":"https:\/\/www.visitflaeming.com\/index.php?rest_route=%2Fwp%2Fv2%2Fcomments&post=412"}],"version-history":[{"count":69,"href":"https:\/\/www.visitflaeming.com\/index.php?rest_route=\/wp\/v2\/pages\/412\/revisions"}],"predecessor-version":[{"id":830,"href":"https:\/\/www.visitflaeming.com\/index.php?rest_route=\/wp\/v2\/pages\/412\/revisions\/830"}],"wp:attachment":[{"href":"https:\/\/www.visitflaeming.com\/index.php?rest_route=%2Fwp%2Fv2%2Fmedia&parent=412"}],"curies":[{"name":"wp","href":"https:\/\/api.w.org\/{rel}","templated":true}]}}