{"id":266,"date":"2019-05-15T22:46:50","date_gmt":"2019-05-15T20:46:50","guid":{"rendered":"http:\/\/www.visitflaeming.com\/?page_id=266"},"modified":"2020-08-23T21:47:57","modified_gmt":"2020-08-23T19:47:57","slug":"anreise","status":"publish","type":"page","link":"https:\/\/www.visitflaeming.com\/?page_id=266","title":{"rendered":"Anreise"},"content":{"rendered":"\n<p>Die Reise &amp; Erlebnisregion Fl\u00e4ming liegt s\u00fcdlich, s\u00fcdwestlich von Berlin, und n\u00f6rdlich von Leipzig. <\/p>\n\n\n\n<p>Die Anreise in den Fl\u00e4ming ist abh\u00e4ngig von den Orten, die Sie besuchen m\u00f6chten. So lassen sich die St\u00e4dte wie z.B. Bad Belzig oder J\u00fcterbog sehr gut per Bahn erreichen. Viele andere Ort und Sehensw\u00fcrdigkeiten hingegen sind mit den \u00f6ffentlichen Verkehrsmitteln nur schwer oder nicht erreichbar. <\/p>\n\n\n\n<p>In diesem Fall kann man entweder mit dem eigenen Pkw oder einem Mietwagen anreisen.<\/p>\n\n\n\n<p>\n<!-- START ADVERTISER: CHECK24 Partnerprogramm from awin.com -->\n\n<a href=\"https:\/\/www.awin1.com\/cread.php?s=2126191&amp;v=9364&amp;q=332934&amp;r=513955\">\n    <img src=\"https:\/\/www.awin1.com\/cshow.php?s=2126191&amp;v=9364&amp;q=332934&amp;r=513955\" border=\"0\">\n<\/a>\n\n<!-- END ADVERTISER: CHECK24 Partnerprogramm from awin.com -->\n\n<\/p>\n\n\n\n<p>Mit dem Pkw erreichen Sie den Fl\u00e4ming \u00fcber gut ausgebaute Landstra\u00dfen, auch die Autobahn A9, M\u00fcnchen Berlin f\u00fchrt direkt durch den Fl\u00e4ming und l\u00e4sst Sie entspannt ankommen. <\/p>\n\n\n\n<p>\n\n\n<p><!-- START ADVERTISER: TravelScout24 DE from awin.com --><\/p>\n<p><a href=\"https:\/\/www.awin1.com\/cread.php?s=2023758&amp;v=9130&amp;q=320344&amp;r=513955\"><br \/><img src=\"https:\/\/www.awin1.com\/cshow.php?s=2023758&amp;v=9130&amp;q=320344&amp;r=513955\" border=\"0\" \/><br \/><\/a><\/p>\n<p><!-- END ADVERTISER: TravelScout24 DE from awin.com --><\/p>\n\n\n<p> \n<!-- START ADVERTISER: Hotel.de DE\/AT from awin.com -->\n\n<a href=\"https:\/\/www.awin1.com\/cread.php?s=2352255&amp;v=16018&amp;q=358915&amp;r=513955\">\n    <img src=\"https:\/\/www.awin1.com\/cshow.php?s=2352255&amp;v=16018&amp;q=358915&amp;r=513955\" border=\"0\">\n<\/a>\n\n<!-- END ADVERTISER: Hotel.de DE\/AT from awin.com -->\n\n <\/p>\n","protected":false},"excerpt":{"rendered":"<p>Die Reise &amp; Erlebnisregion Fl\u00e4ming liegt s\u00fcdlich, s\u00fcdwestlich von Berlin, und n\u00f6rdlich von Leipzig. Die Anreise in den Fl\u00e4ming ist abh\u00e4ngig von den Orten, die Sie besuchen m\u00f6chten. So lassen sich die St\u00e4dte wie z.B. Bad Belzig oder J\u00fcterbog sehr gut per Bahn erreichen. Viele andere Ort und Sehensw\u00fcrdigkeiten hingegen<\/p>\n","protected":false},"author":1,"featured_media":0,"parent":0,"menu_order":0,"comment_status":"closed","ping_status":"closed","template":"","meta":[],"_links":{"self":[{"href":"https:\/\/www.visitflaeming.com\/index.php?rest_route=\/wp\/v2\/pages\/266"}],"collection":[{"href":"https:\/\/www.visitflaeming.com\/index.php?rest_route=\/wp\/v2\/pages"}],"about":[{"href":"https:\/\/www.visitflaeming.com\/index.php?rest_route=\/wp\/v2\/types\/page"}],"author":[{"embeddable":true,"href":"https:\/\/www.visitflaeming.com\/index.php?rest_route=\/wp\/v2\/users\/1"}],"replies":[{"embeddable":true,"href":"https:\/\/www.visitflaeming.com\/index.php?rest_route=%2Fwp%2Fv2%2Fcomments&post=266"}],"version-history":[{"count":13,"href":"https:\/\/www.visitflaeming.com\/index.php?rest_route=\/wp\/v2\/pages\/266\/revisions"}],"predecessor-version":[{"id":402,"href":"https:\/\/www.visitflaeming.com\/index.php?rest_route=\/wp\/v2\/pages\/266\/revisions\/402"}],"wp:attachment":[{"href":"https:\/\/www.visitflaeming.com\/index.php?rest_route=%2Fwp%2Fv2%2Fmedia&parent=266"}],"curies":[{"name":"wp","href":"https:\/\/api.w.org\/{rel}","templated":true}]}}