{"id":152,"date":"2019-02-01T19:16:41","date_gmt":"2019-02-01T18:16:41","guid":{"rendered":"http:\/\/www.visitflaeming.com\/?page_id=152"},"modified":"2023-11-10T19:58:41","modified_gmt":"2023-11-10T18:58:41","slug":"produkte-aus-dem-flaeming","status":"publish","type":"page","link":"https:\/\/www.visitflaeming.com\/?page_id=152","title":{"rendered":"Produkte &#038; Dienstleistungen aus dem Fl\u00e4ming"},"content":{"rendered":"\n<p>Neben seiner gro\u00dfen Vielseitigkeit an Erlebnissen hat der Fl\u00e4ming auch eine Vielzahl interessanter Produkte zu bieten. Wir m\u00f6chten hier einen kleinen \u00dcberblick geben. Wer noch Hinweise auf interessante Produkte im Zusammenhang mit dem Fl\u00e4ming hat, sendet uns diese bitte an: info@visitflaeming.com <\/p>\n\n\n\n<p>Wir haben die Produkte in verschiedene Kategorien unterteilt, um die \u00dcbersichtlichkeit sicherzustellen:<\/p>\n\n\n\n<ul><li><strong>Kleidung \/ Accessoires <\/strong><\/li><li><strong>Lebensmittel \/ Genussmittel<\/strong><\/li><li><strong>Wandkalender \/ Bilder \/ Puzzle<\/strong><\/li><li><strong>Dienstleistungen <\/strong><\/li><\/ul>\n\n\n\n<pre class=\"wp-block-verse\"><strong>Kleidung \/ Accessoires <\/strong><\/pre>\n\n\n\n<figure class=\"wp-block-image is-resized\"><a href=\"http:\/\/bit.ly\/ILoveFl\u00e4ming\" target=\"_blank\" rel=\"I love Fl\u00e4ming noopener noreferrer\"><img loading=\"lazy\" src=\"http:\/\/www.visitflaeming.com\/wp-content\/uploads\/2019\/02\/Bildschirmfoto-2019-02-01-um-19.28.32-910x1024.png\" alt=\"\" class=\"wp-image-158\" width=\"155\" height=\"174\" srcset=\"https:\/\/www.visitflaeming.com\/wp-content\/uploads\/2019\/02\/Bildschirmfoto-2019-02-01-um-19.28.32-910x1024.png 910w, https:\/\/www.visitflaeming.com\/wp-content\/uploads\/2019\/02\/Bildschirmfoto-2019-02-01-um-19.28.32-267x300.png 267w, https:\/\/www.visitflaeming.com\/wp-content\/uploads\/2019\/02\/Bildschirmfoto-2019-02-01-um-19.28.32-768x864.png 768w, https:\/\/www.visitflaeming.com\/wp-content\/uploads\/2019\/02\/Bildschirmfoto-2019-02-01-um-19.28.32.png 1214w\" sizes=\"(max-width: 155px) 100vw, 155px\" \/><\/a><figcaption>T-Shirts, Hoodies, Handy H\u00fcllen u.v.m.<\/figcaption><\/figure>\n\n\n\n<pre class=\"wp-block-verse\"><strong>Regionale&nbsp;Lebensmittel<\/strong><\/pre>\n\n\n\n<ul><li><a href=\"http:\/\/www.claudiahagen.net\" data-type=\"URL\" data-id=\"http:\/\/www.claudiahagen.net\" target=\"_blank\" rel=\"noreferrer noopener\">Claudia Hagen Coaching | Mediation | Beratung<\/a> &#8211; f\u00fcr Ihre pers\u00f6nliche Weiterentwicklung finden Sie Informationen auf der Internetseite von Claudia Hagen -> <a rel=\"noreferrer noopener\" href=\"http:\/\/www.claudiahagen.net\" target=\"_blank\">http:\/\/www.claudiahagen.net<\/a><\/li><li>Aus der \u00d6lm\u00fchle R\u00e4digke gibt es <strong>feinstes kaltgepresstes Raps<em>\u00f6l<\/em><\/strong> in verschiedenen Geschmacksrichtungen. Alle Informationen finden Sie hier in der <a rel=\"noreferrer noopener\" aria-label=\"\u00d6lm\u00fchle R\u00e4digke (\u00f6ffnet in neuem Tab)\" href=\"http:\/\/bit.ly\/\u00d6lm\u00fchleR\u00e4digke\" target=\"_blank\"><strong>\u00d6lm\u00fchle R\u00e4digke<\/strong><\/a>. <\/li><li><strong>Wild<\/strong> aus dem Fl\u00e4ming gibt es im <strong><a rel=\"noreferrer noopener\" aria-label=\"Fl\u00e4ming Wildhandel Griebsch (\u00f6ffnet in neuem Tab)\" href=\"http:\/\/www.flaeming-wildhandel.de\" target=\"_blank\">Fl\u00e4ming Wildhandel Griebsch<\/a><\/strong> in 14929 Bardenitz, Bardenitzer Dorfstra\u00dfe 56 <\/li><li><strong>Fleisch<\/strong>produkte &amp; <strong>Feldfr\u00fcchte<\/strong> aus traditioneller Landwirtschaft gibt es von &amp; aus dem <a rel=\"noreferrer noopener\" aria-label=\"Pech\u00fcler Land (\u00f6ffnet in neuem Tab)\" href=\"http:\/\/bit.ly\/Pech\u00fclerLand\" target=\"_blank\"><strong>Pech\u00fcler Land<\/strong><\/a> in 14929 Pech\u00fcle, Pech\u00fcler Dorfstra\u00dfe 70<\/li><li><strong>Whisky<\/strong> destilliert im Fl\u00e4ming &#8211;  <a rel=\"noreferrer noopener\" aria-label=\"Old Sandhill (\u00f6ffnet in neuem Tab)\" href=\"http:\/\/bit.ly\/SandhillWhisky\" target=\"_blank\"><strong>Old Sandhill<\/strong><\/a><strong> <\/strong>aus der Whisky- &amp; Edelbrandmanufaktur, Wittenberger Stra\u00dfe 1, 14806 Bad Belzig<\/li><li><strong>B\u00fcffelmozzarella, B\u00fcffelwurst<\/strong> u.v.a. gibt es am B\u00fcffelhof <a rel=\"noreferrer noopener\" aria-label=\"BOBALIS  (\u00f6ffnet in neuem Tab)\" href=\"http:\/\/bit.ly\/B\u00fcffelhof\" target=\"_blank\"><strong>BOBALIS <\/strong><\/a>Agrargesellschaft mbH, Hauptstra\u00dfe 30, 14913 J\u00fcterbog<\/li><\/ul>\n\n\n\n<pre class=\"wp-block-verse\"><strong>Wandkalender \/ Bilder \/ Puzzle<\/strong> <\/pre>\n\n\n\n<figure class=\"wp-block-image is-resized\"><a href=\"http:\/\/bit.ly\/1000TeilePuzzleWiesenburg\" target=\"_blank\" rel=\"noreferrer noopener\"><img loading=\"lazy\" src=\"http:\/\/www.visitflaeming.com\/wp-content\/uploads\/2019\/02\/Bildschirmfoto-2019-02-01-um-19.56.45.png\" alt=\"\" class=\"wp-image-170\" width=\"254\" height=\"216\" srcset=\"https:\/\/www.visitflaeming.com\/wp-content\/uploads\/2019\/02\/Bildschirmfoto-2019-02-01-um-19.56.45.png 922w, https:\/\/www.visitflaeming.com\/wp-content\/uploads\/2019\/02\/Bildschirmfoto-2019-02-01-um-19.56.45-300x256.png 300w, https:\/\/www.visitflaeming.com\/wp-content\/uploads\/2019\/02\/Bildschirmfoto-2019-02-01-um-19.56.45-768x656.png 768w\" sizes=\"(max-width: 254px) 100vw, 254px\" \/><\/a><figcaption>Schloss Wiesenburg im Fl\u00e4ming aus der Vogelperspektive, 1000 Teile Puzzle <\/figcaption><\/figure>\n","protected":false},"excerpt":{"rendered":"<p>Neben seiner gro\u00dfen Vielseitigkeit an Erlebnissen hat der Fl\u00e4ming auch eine Vielzahl interessanter Produkte zu bieten. Wir m\u00f6chten hier einen kleinen \u00dcberblick geben. Wer noch Hinweise auf interessante Produkte im Zusammenhang mit dem Fl\u00e4ming hat, sendet uns diese bitte an: info@visitflaeming.com Wir haben die Produkte in verschiedene Kategorien unterteilt, um<\/p>\n","protected":false},"author":1,"featured_media":0,"parent":0,"menu_order":0,"comment_status":"closed","ping_status":"closed","template":"","meta":[],"_links":{"self":[{"href":"https:\/\/www.visitflaeming.com\/index.php?rest_route=\/wp\/v2\/pages\/152"}],"collection":[{"href":"https:\/\/www.visitflaeming.com\/index.php?rest_route=\/wp\/v2\/pages"}],"about":[{"href":"https:\/\/www.visitflaeming.com\/index.php?rest_route=\/wp\/v2\/types\/page"}],"author":[{"embeddable":true,"href":"https:\/\/www.visitflaeming.com\/index.php?rest_route=\/wp\/v2\/users\/1"}],"replies":[{"embeddable":true,"href":"https:\/\/www.visitflaeming.com\/index.php?rest_route=%2Fwp%2Fv2%2Fcomments&post=152"}],"version-history":[{"count":25,"href":"https:\/\/www.visitflaeming.com\/index.php?rest_route=\/wp\/v2\/pages\/152\/revisions"}],"predecessor-version":[{"id":890,"href":"https:\/\/www.visitflaeming.com\/index.php?rest_route=\/wp\/v2\/pages\/152\/revisions\/890"}],"wp:attachment":[{"href":"https:\/\/www.visitflaeming.com\/index.php?rest_route=%2Fwp%2Fv2%2Fmedia&parent=152"}],"curies":[{"name":"wp","href":"https:\/\/api.w.org\/{rel}","templated":true}]}}